{"id":238,"date":"2023-10-07T02:43:29","date_gmt":"2023-10-07T02:43:29","guid":{"rendered":"https:\/\/lsdigisec.com.br\/?page_id=238"},"modified":"2023-10-07T02:45:41","modified_gmt":"2023-10-07T02:45:41","slug":"powerful-team","status":"publish","type":"page","link":"https:\/\/lsdigisec.com.br\/index.php\/powerful-team\/","title":{"rendered":"Powerful Team"},"content":{"rendered":"\n<p class=\"has-large-font-size\"><strong>Luis Elias<\/strong><\/p>\n\n\n\n<p>Analista de Sistemas, trabalha h\u00e1 mais de trinta anos com TI atuando em seguran\u00e7a da informa\u00e7\u00e3o, continuidade de neg\u00f3cio, prote\u00e7\u00e3o de dados e <br>normas aplicadas \u00e0 tecnologia da informa\u00e7\u00e3o.<\/p>\n\n\n\n<p><\/p>\n\n\n\n<p class=\"has-large-font-size\"><strong>Ricardo Kehdi<\/strong><\/p>\n\n\n\n<p>Advogado, formado h\u00e1 mais de vinte anos, especialista em direito civil e processual civil, s\u00f3cio propriet\u00e1rio do escrit\u00f3rio FK Associados, com grande experi\u00eancia em assessoria empresarial e legisla\u00e7\u00e3o em tecnologia da informa\u00e7\u00e3o<\/p>\n\n\n\n<p><\/p>\n\n\n\n<p class=\"has-large-font-size\"><strong>Roberto Alonso<\/strong><\/p>\n\n\n\n<p>Roberto Alonso \u00e9 professor da Funda\u00e7\u00e3o Instituto de Administra\u00e7\u00e3o, formado em Marketing, Especializa\u00e7\u00e3o em Marketing de Varejo e MBA em Marketing pela FIA\/FEA-USP, Mestrando em Gest\u00e3o de Neg\u00f3cios pela FIA. Participou em v\u00e1rias edi\u00e7\u00f5es do F\u00f3rum Mundial de Marketing e Vendas, Sales &amp; Innovation \u2013 HSM\/SP. Foi gerente s\u00eanior de marketing no Grupo Folha, representando o pa\u00eds no F\u00f3rum Mundial de Jornais pela WAN em Monte Carlo e atuou na \u00e1rea de marketing em empresas como Grupo Machline, Rima Impressoras, Folha de S\u00e3o Paulo, Editora Moderna, Funda\u00e7\u00e3o Instituto de Administra\u00e7\u00e3o-FIA, Vanzolini. Consultor, professor de cursos de P\u00f3s-gradua\u00e7\u00e3o e MBA nas \u00e1reas de marketing, comunica\u00e7\u00e3o e people analytics na FIA Business School, e na P\u00f3s-gradua\u00e7\u00e3o CEGPS da Poli-USP\/FCAV. J\u00e1 desenvolveu projetos para Embasa, Secretaria de Assist\u00eancia Social do Estado de S\u00e3o Paulo, SP 2040, UNIFAE entre outras. Foi colaborador do CEST &#8211; Centro de Estudos Sociedade e Tecnologia da USP, diretor de rela\u00e7\u00f5es institucionais da Associa\u00e7\u00e3o Paulista de Funda\u00e7\u00f5es. Atualmente \u00e9 diretor na RADIC Marketing e professor e consultor na FIA e membro do conselho e colunista do Observat\u00f3rio do Terceiro Setor.<\/p>\n\n\n\n<p><\/p>\n\n\n\n<p><\/p>\n","protected":false},"excerpt":{"rendered":"<p>Luis Elias Analista de Sistemas, trabalha h\u00e1 mais de trinta anos com TI atuando em seguran\u00e7a da informa\u00e7\u00e3o, continuidade de neg\u00f3cio, prote\u00e7\u00e3o de dados e normas aplicadas \u00e0 tecnologia da informa\u00e7\u00e3o. Ricardo Kehdi Advogado, formado h\u00e1 mais de vinte anos, especialista em direito civil e processual civil, s\u00f3cio propriet\u00e1rio do escrit\u00f3rio FK Associados, com grande [&hellip;]<\/p>\n","protected":false},"author":1,"featured_media":0,"parent":0,"menu_order":0,"comment_status":"closed","ping_status":"closed","template":"","meta":{"footnotes":""},"class_list":["post-238","page","type-page","status-publish","hentry"],"_links":{"self":[{"href":"https:\/\/lsdigisec.com.br\/index.php\/wp-json\/wp\/v2\/pages\/238","targetHints":{"allow":["GET"]}}],"collection":[{"href":"https:\/\/lsdigisec.com.br\/index.php\/wp-json\/wp\/v2\/pages"}],"about":[{"href":"https:\/\/lsdigisec.com.br\/index.php\/wp-json\/wp\/v2\/types\/page"}],"author":[{"embeddable":true,"href":"https:\/\/lsdigisec.com.br\/index.php\/wp-json\/wp\/v2\/users\/1"}],"replies":[{"embeddable":true,"href":"https:\/\/lsdigisec.com.br\/index.php\/wp-json\/wp\/v2\/comments?post=238"}],"version-history":[{"count":4,"href":"https:\/\/lsdigisec.com.br\/index.php\/wp-json\/wp\/v2\/pages\/238\/revisions"}],"predecessor-version":[{"id":245,"href":"https:\/\/lsdigisec.com.br\/index.php\/wp-json\/wp\/v2\/pages\/238\/revisions\/245"}],"wp:attachment":[{"href":"https:\/\/lsdigisec.com.br\/index.php\/wp-json\/wp\/v2\/media?parent=238"}],"curies":[{"name":"wp","href":"https:\/\/api.w.org\/{rel}","templated":true}]}}